{"id":29740,"date":"2021-10-12T15:51:09","date_gmt":"2021-10-12T12:51:09","guid":{"rendered":"https:\/\/orelecciana.com\/hakkimizda\/"},"modified":"2025-08-07T23:24:27","modified_gmt":"2025-08-07T20:24:27","slug":"about-us","status":"publish","type":"page","link":"https:\/\/orelecciana.com\/en\/about-us\/","title":{"rendered":"About Us"},"content":{"rendered":"\t\t<div data-elementor-type=\"wp-page\" data-elementor-id=\"29740\" class=\"elementor elementor-29740 elementor-4400\" data-elementor-post-type=\"page\">\n\t\t\t\t<div class=\"wd-negative-gap elementor-element elementor-element-f965486 e-flex e-con-boxed e-con e-parent\" data-id=\"f965486\" data-element_type=\"container\" data-e-type=\"container\">\n\t\t\t\t\t<div class=\"e-con-inner\">\n\t\t<div class=\"elementor-element elementor-element-0b2f93c e-con-full e-flex e-con e-child\" data-id=\"0b2f93c\" data-element_type=\"container\" data-e-type=\"container\">\n\t\t\t\t<div class=\"elementor-element elementor-element-61a5ed2 elementor-absolute e-transform elementor-widget elementor-widget-image\" data-id=\"61a5ed2\" data-element_type=\"widget\" data-e-type=\"widget\" data-settings=\"{&quot;_position&quot;:&quot;absolute&quot;,&quot;motion_fx_motion_fx_scrolling&quot;:&quot;yes&quot;,&quot;motion_fx_rotateZ_effect&quot;:&quot;yes&quot;,&quot;motion_fx_rotateZ_direction&quot;:&quot;negative&quot;,&quot;motion_fx_rotateZ_affectedRange&quot;:{&quot;unit&quot;:&quot;%&quot;,&quot;size&quot;:&quot;&quot;,&quot;sizes&quot;:{&quot;start&quot;:60,&quot;end&quot;:60}},&quot;motion_fx_rotateZ_speed&quot;:{&quot;unit&quot;:&quot;px&quot;,&quot;size&quot;:1,&quot;sizes&quot;:[]},&quot;motion_fx_devices&quot;:[&quot;desktop&quot;,&quot;tablet&quot;,&quot;mobile&quot;],&quot;_transform_rotateZ_effect&quot;:{&quot;unit&quot;:&quot;px&quot;,&quot;size&quot;:&quot;&quot;,&quot;sizes&quot;:[]},&quot;_transform_rotateZ_effect_tablet&quot;:{&quot;unit&quot;:&quot;deg&quot;,&quot;size&quot;:&quot;&quot;,&quot;sizes&quot;:[]},&quot;_transform_rotateZ_effect_mobile&quot;:{&quot;unit&quot;:&quot;deg&quot;,&quot;size&quot;:&quot;&quot;,&quot;sizes&quot;:[]}}\" data-widget_type=\"image.default\">\n\t\t\t\t<div class=\"elementor-widget-container\">\n\t\t\t\t\t\t\t\t\t\t\t\t\t\t\t<img decoding=\"async\" width=\"1080\" height=\"1080\" src=\"https:\/\/orelecciana.com\/wp-content\/themes\/woodmart\/images\/lazy.svg\" data-src=\"https:\/\/orelecciana.com\/wp-content\/uploads\/ore-lecciana-hakkimizda-bg-1.jpg\" class=\" wd-lazy-fade attachment-full size-full wp-image-29699\" alt=\"\" srcset=\"\" data-srcset=\"https:\/\/orelecciana.com\/wp-content\/uploads\/ore-lecciana-hakkimizda-bg-1.jpg 1080w, https:\/\/orelecciana.com\/wp-content\/uploads\/ore-lecciana-hakkimizda-bg-1-300x300.jpg 300w, https:\/\/orelecciana.com\/wp-content\/uploads\/ore-lecciana-hakkimizda-bg-1-800x800.jpg 800w, https:\/\/orelecciana.com\/wp-content\/uploads\/ore-lecciana-hakkimizda-bg-1-150x150.jpg 150w, https:\/\/orelecciana.com\/wp-content\/uploads\/ore-lecciana-hakkimizda-bg-1-768x768.jpg 768w, https:\/\/orelecciana.com\/wp-content\/uploads\/ore-lecciana-hakkimizda-bg-1-430x430.jpg 430w, https:\/\/orelecciana.com\/wp-content\/uploads\/ore-lecciana-hakkimizda-bg-1-700x700.jpg 700w\" sizes=\"(max-width: 1080px) 100vw, 1080px\" \/>\t\t\t\t\t\t\t\t\t\t\t\t\t\t\t<\/div>\n\t\t\t\t<\/div>\n\t\t\t\t<div class=\"elementor-element elementor-element-76eb9c3 elementor-widget elementor-widget-image\" data-id=\"76eb9c3\" data-element_type=\"widget\" data-e-type=\"widget\" data-settings=\"{&quot;motion_fx_motion_fx_scrolling&quot;:&quot;yes&quot;,&quot;motion_fx_translateY_effect&quot;:&quot;yes&quot;,&quot;motion_fx_translateY_direction&quot;:&quot;negative&quot;,&quot;motion_fx_translateY_speed&quot;:{&quot;unit&quot;:&quot;px&quot;,&quot;size&quot;:1,&quot;sizes&quot;:[]},&quot;motion_fx_translateY_affectedRange&quot;:{&quot;unit&quot;:&quot;%&quot;,&quot;size&quot;:&quot;&quot;,&quot;sizes&quot;:{&quot;start&quot;:0,&quot;end&quot;:81}},&quot;motion_fx_devices&quot;:[&quot;desktop&quot;,&quot;tablet&quot;,&quot;mobile&quot;]}\" data-widget_type=\"image.default\">\n\t\t\t\t<div class=\"elementor-widget-container\">\n\t\t\t\t\t\t\t\t\t\t\t\t\t\t\t<img decoding=\"async\" width=\"1080\" height=\"1080\" src=\"https:\/\/orelecciana.com\/wp-content\/themes\/woodmart\/images\/lazy.svg\" data-src=\"https:\/\/orelecciana.com\/wp-content\/uploads\/ore-lecciana-hakkimizda-3.jpg\" class=\" wd-lazy-fade attachment-full size-full wp-image-29666\" alt=\"\" srcset=\"\" data-srcset=\"https:\/\/orelecciana.com\/wp-content\/uploads\/ore-lecciana-hakkimizda-3.jpg 1080w, https:\/\/orelecciana.com\/wp-content\/uploads\/ore-lecciana-hakkimizda-3-300x300.jpg 300w, https:\/\/orelecciana.com\/wp-content\/uploads\/ore-lecciana-hakkimizda-3-800x800.jpg 800w, https:\/\/orelecciana.com\/wp-content\/uploads\/ore-lecciana-hakkimizda-3-150x150.jpg 150w, https:\/\/orelecciana.com\/wp-content\/uploads\/ore-lecciana-hakkimizda-3-768x768.jpg 768w, https:\/\/orelecciana.com\/wp-content\/uploads\/ore-lecciana-hakkimizda-3-430x430.jpg 430w, https:\/\/orelecciana.com\/wp-content\/uploads\/ore-lecciana-hakkimizda-3-700x700.jpg 700w\" sizes=\"(max-width: 1080px) 100vw, 1080px\" \/>\t\t\t\t\t\t\t\t\t\t\t\t\t\t\t<\/div>\n\t\t\t\t<\/div>\n\t\t\t\t<\/div>\n\t\t\t\t\t<\/div>\n\t\t\t\t<\/div>\n\t\t<div class=\"wd-negative-gap elementor-element elementor-element-a8bce58 e-flex e-con-boxed e-con e-parent\" data-id=\"a8bce58\" data-element_type=\"container\" data-e-type=\"container\" data-settings=\"{&quot;background_background&quot;:&quot;classic&quot;}\">\n\t\t\t\t\t<div class=\"e-con-inner\">\n\t\t<div class=\"elementor-element elementor-element-941e63b e-con-full e-flex e-con e-child\" data-id=\"941e63b\" data-element_type=\"container\" data-e-type=\"container\">\n\t\t\t\t<div class=\"elementor-element elementor-element-df00bb8 elementor-widget elementor-widget-heading\" data-id=\"df00bb8\" data-element_type=\"widget\" data-e-type=\"widget\" data-widget_type=\"heading.default\">\n\t\t\t\t<div class=\"elementor-widget-container\">\n\t\t\t\t\t<h2 class=\"elementor-heading-title elementor-size-default\">Ore Lecciana<\/h2>\t\t\t\t<\/div>\n\t\t\t\t<\/div>\n\t\t\t\t<div class=\"elementor-element elementor-element-7489727 elementor-widget elementor-widget-heading\" data-id=\"7489727\" data-element_type=\"widget\" data-e-type=\"widget\" data-widget_type=\"heading.default\">\n\t\t\t\t<div class=\"elementor-widget-container\">\n\t\t\t\t\t<h2 class=\"elementor-heading-title elementor-size-default\">The Story of a First<\/h2>\t\t\t\t<\/div>\n\t\t\t\t<\/div>\n\t\t\t\t<\/div>\n\t\t\t\t<div class=\"elementor-element elementor-element-2606152 color-scheme-inherit text-left elementor-widget elementor-widget-text-editor\" data-id=\"2606152\" data-element_type=\"widget\" data-e-type=\"widget\" data-widget_type=\"text-editor.default\">\n\t\t\t\t<div class=\"elementor-widget-container\">\n\t\t\t\t\t\t\t\t\t<p><strong>ORE \u2013 The essence born from soil, transformed into life.<\/strong><\/p><p class=\"p2\"><b>The year 2021\u2026 <\/b>As the world began to reconsider health, natural living, and sustainability, Filiz and U\u011fur M\u00fcld\u00fcr embraced this awareness and started their own journey. One of the truths the pandemic reminded the world was this: <b>Access to clean food would be the most strategic value of the future.<\/b><\/p><p class=\"p2\">With this understanding, <b>M\u00fcld\u00fcr Olive Grove<\/b> was established on a 50-decare land in De\u011firmendere, a region of \u00dcsk\u00fcf\u00e7\u00fc Village in the Ezine district of \u00c7anakkale.<\/p><p class=\"p2\">The aim was not just to produce olives; it was to create a more refined and meaningful product by uniting nature\u2019s potential with scientific knowledge and agricultural technology.<\/p><p class=\"p2\">In this region known as the heart of olive cultivation, a step was taken beyond tradition. With the planting of the <b>Italy-origin Lecciana olive variety<\/b> \u2014 for the first time on an industrial scale in T\u00fcrkiye \u2014 a vision came to life, not just a farming activity.<\/p><p class=\"p2\"><b>Lecciana: <\/b><b><\/b><\/p><ul class=\"ul1\"><li class=\"li3\">High yield potential,<\/li><li class=\"li3\">Resistance to climate conditions and diseases,<\/li><li class=\"li2\">And most importantly, <b>remarkably high polyphenol content<\/b> made it a truly special variety.<\/li><\/ul><p class=\"p2\">Olive oil obtained from Lecciana earned a <b>nutraceutical<\/b> food certification abroad \u2014 making it known not just as a taste, but as a life-supporting wellness component.<\/p><p class=\"p2\">Every study pointed to a single truth: <b>Lecciana was more than oil \u2014 it was a healing essence.<\/b><b><\/b><\/p><p class=\"p2\">And for this essence born from nature, a name was needed: <b>ORE Lecciana.<\/b><b><\/b><\/p><p class=\"p2\">In English, <i>ore<\/i> means \u201c<b>mineral\/essence<\/b>\u201d. But it\u2019s more than just a name; it embodies the very value this oil represents. In every drop: \u2013 The freshness of early harvest olives,\u00a0 The purity of the cold press technique, \u2013 And the genuine goodness that nature offers our bodies.<\/p><p class=\"p2\"><b style=\"font-size: 14px;\">\u00a0<\/b><\/p><p class=\"p2\"><b style=\"font-size: 14px;\">The Moment When Form Meets Meaning<\/b><\/p><p class=\"p2\">The emblem of <b>ORE Lecciana<\/b> is not just a visual mark; it is a symbol of a concept. The elegant form created by the interlocking letters O and L also speaks of the olive&#8217;s journey of becoming \u2014 the state of \u201c<b>being<\/b>\u201d.<\/p><p class=\"p2\">This symbol;<\/p><p class=\"p2\">Unites the wisdom of creation with the fertility of the soil \u2014 blending naturalness, modernity, and rooted tradition all in one.<\/p><p class=\"p2\">Just like <b>ORE<\/b> itself.<\/p>\t\t\t\t\t\t\t\t<\/div>\n\t\t\t\t<\/div>\n\t\t\t\t<div class=\"elementor-element elementor-element-f15a5c7 elementor-mobile-align-left elementor-tablet-align-left elementor-widget elementor-widget-button\" data-id=\"f15a5c7\" data-element_type=\"widget\" data-e-type=\"widget\" data-widget_type=\"button.default\">\n\t\t\t\t<div class=\"elementor-widget-container\">\n\t\t\t\t\t\t\t\t\t<div class=\"elementor-button-wrapper\">\n\t\t\t\t\t<a class=\"elementor-button elementor-button-link elementor-size-sm elementor-animation-vamtam-marquee\" href=\"\/en\/product\/ore-lecciana\/\">\n\t\t\t\t\t\t<span class=\"elementor-button-content-wrapper\">\n\t\t\t\t\t\t<span class=\"elementor-button-icon\">\n\t\t\t\t<i aria-hidden=\"true\" class=\"fas fa-arrow-right\"><\/i>\t\t\t<\/span>\n\t\t\t\t\t\t\t\t\t<span class=\"elementor-button-text\">BUY NOW<\/span>\n\t\t\t\t\t<\/span>\n\t\t\t\t\t<\/a>\n\t\t\t\t<\/div>\n\t\t\t\t\t\t\t\t<\/div>\n\t\t\t\t<\/div>\n\t\t\t\t\t<\/div>\n\t\t\t\t<\/div>\n\t\t\t\t<\/div>\n\t\t","protected":false},"excerpt":{"rendered":"<p>Ore Lecciana The Story of a First ORE \u2013 The essence born from soil, transformed into life. The year 2021\u2026<\/p>\n","protected":false},"author":1,"featured_media":0,"parent":0,"menu_order":0,"comment_status":"closed","ping_status":"closed","template":"","meta":{"footnotes":""},"class_list":["post-29740","page","type-page","status-publish","hentry"],"_links":{"self":[{"href":"https:\/\/orelecciana.com\/en\/wp-json\/wp\/v2\/pages\/29740","targetHints":{"allow":["GET"]}}],"collection":[{"href":"https:\/\/orelecciana.com\/en\/wp-json\/wp\/v2\/pages"}],"about":[{"href":"https:\/\/orelecciana.com\/en\/wp-json\/wp\/v2\/types\/page"}],"author":[{"embeddable":true,"href":"https:\/\/orelecciana.com\/en\/wp-json\/wp\/v2\/users\/1"}],"replies":[{"embeddable":true,"href":"https:\/\/orelecciana.com\/en\/wp-json\/wp\/v2\/comments?post=29740"}],"version-history":[{"count":13,"href":"https:\/\/orelecciana.com\/en\/wp-json\/wp\/v2\/pages\/29740\/revisions"}],"predecessor-version":[{"id":29870,"href":"https:\/\/orelecciana.com\/en\/wp-json\/wp\/v2\/pages\/29740\/revisions\/29870"}],"wp:attachment":[{"href":"https:\/\/orelecciana.com\/en\/wp-json\/wp\/v2\/media?parent=29740"}],"curies":[{"name":"wp","href":"https:\/\/api.w.org\/{rel}","templated":true}]}}